{"id":7,"date":"2018-12-19T18:33:52","date_gmt":"2018-12-19T18:33:52","guid":{"rendered":"http:\/\/fronteras.wpengine.com\/espanol\/?page_id=7"},"modified":"2024-07-24T19:47:54","modified_gmt":"2024-07-24T19:47:54","slug":"about-us","status":"publish","type":"page","link":"https:\/\/espanol.travelfronteras.com\/es\/about-us\/","title":{"rendered":"About Us"},"content":{"rendered":"<div class=\"vce-row-container\" data-vce-boxed-width=\"true\"><div class=\"vce-row vce-row--col-gap-30 vce-row-equal-height vce-row-content--top\" id=\"el-ba7ec888\" data-vce-do-apply=\"all el-ba7ec888\"><div class=\"vce-row-content\" data-vce-element-content=\"true\"><div class=\"vce-col vce-col--md-auto vce-col--xs-1 vce-col--xs-last vce-col--xs-first vce-col--sm-last vce-col--sm-first vce-col--md-last vce-col--lg-last vce-col--xl-last vce-col--md-first vce-col--lg-first vce-col--xl-first\" id=\"el-3f212bd2\"><div class=\"vce-col-inner\" data-vce-do-apply=\"border margin background  el-3f212bd2\"><div class=\"vce-col-content\" data-vce-element-content=\"true\" data-vce-do-apply=\"padding el-3f212bd2\"><div class=\"vce-text-block\"><div class=\"vce-text-block-wrapper vce\" id=\"el-1ed16b0c\" data-vce-do-apply=\"all el-1ed16b0c\"><p>\n\t\t<div id=\"fws_69ee473dd6253\"  data-midnight=\"light\" data-top-percent=\"17%\" data-bottom-percent=\"17%\"  data-bg-mobile-hidden=\"\" class=\"wpb_row vc_row-fluid vc_row top-level full-width-section standard_section   \"  style=\"padding-top: calc(100vw * 0.17); padding-bottom: calc(100vw * 0.17); \"><div class=\"row-bg-wrap\" data-bg-animation=\"none\"><div class=\"inner-wrap using-image\"><div class=\"row-bg using-image using-bg-color  \"  style=\"background-image: url(https:\/\/espanol.travelfronteras.com\/wp-content\/uploads\/sites\/2\/2019\/02\/old-bus.jpg); background-position: left top; background-repeat: no-repeat; background-color: #3a3a3a; \"><\/div><\/div><div class=\"row-bg-overlay\" style=\"background-color:#000000;  opacity: 0.8; \"><\/div><\/div><div class=\"col span_12 light left\">\n\t<div  class=\"vc_col-sm-12 wpb_column column_container vc_column_container col centered-text no-extra-padding\"  data-t-w-inherits=\"default\" data-border-radius=\"none\" data-shadow=\"none\" data-border-animation=\"\" data-border-animation-delay=\"\" data-border-width=\"none\" data-border-style=\"solid\" data-border-color=\"\" data-bg-cover=\"\" data-padding-pos=\"all\" data-has-bg-color=\"false\" data-bg-color=\"\" data-bg-opacity=\"1\" data-hover-bg=\"\" data-hover-bg-opacity=\"1\" data-animation=\"\" data-delay=\"0\"><div class=\"column-bg-overlay\"><\/div>\n\t\t<div class=\"vc_column-inner\">\n\t\t\t<div class=\"wpb_wrapper\">\n\t\t\t\t<\/p><h1 style=\"text-align: center;\">Fronteras del Norte<br>Empresa Familiar &amp; Operada Desde 1991.<\/h1><p>[\/vc_column_text]\n\t\t\t<\/div> \n\t\t<\/div>\n\t<\/div> \n<\/div><\/div>\n\t\t<div id=\"fws_69ee473dd6a19\"  data-midnight=\"dark\"  data-bg-mobile-hidden=\"\" class=\"wpb_row vc_row-fluid vc_row standard_section   \"  style=\"padding-top: 0px; padding-bottom: 0px; \"><div class=\"row-bg-wrap\" data-bg-animation=\"none\"><div class=\"inner-wrap \"><div class=\"row-bg  using-bg-color  \"  style=\"background-color: #ffffff; \"><\/div><\/div><div class=\"row-bg-overlay\" ><\/div><\/div><div class=\"col span_12 dark left\">\n\t<div style=\"\" class=\"vc_col-sm-12 wpb_column column_container vc_column_container col centered-text padding-4-percent\" data-using-bg=\"true\" data-t-w-inherits=\"default\" data-border-radius=\"none\" data-shadow=\"none\" data-border-animation=\"\" data-border-animation-delay=\"\" data-border-width=\"none\" data-border-style=\"solid\" data-border-color=\"\" data-bg-cover=\"\" data-padding-pos=\"all\" data-has-bg-color=\"true\" data-bg-color=\"#ffffff\" data-bg-opacity=\"1\" data-hover-bg=\"\" data-hover-bg-opacity=\"1\" data-animation=\"\" data-delay=\"0\"><div class=\"column-bg-overlay\" style=\"opacity: 1; background-color: #ffffff;\"><\/div>\n\t\t<div class=\"vc_column-inner\">\n\t\t\t<div class=\"wpb_wrapper\">\n\t\t\t\t<div class=\"divider-wrap\" data-alignment=\"default\"><div style=\"margin-top: 25px; width: 80px; height: 2px; margin-bottom: 25px;\" data-width=\"80\" data-animate=\"yes\" data-animation-delay=\"\" data-color=\"accent-color\" class=\"divider-small-border\"><\/div><\/div><\/p><h4><span style=\"color: #3d6098;\">Aprendiendo las cuerdas<br><\/span><\/h4><p>Antes que el Se\u00f1or Lopez comenz\u00f3 con Fronteras del Norte, trabaj\u00f3 como conductor de la empresa por mas de 10 a\u00f1os. Comenz\u00f3 con un solo veh\u00edculo, un mini bus de 19 pasajeros que compr\u00f3 con todo el dinero que ten\u00eda en el bolsillo y lo condujo hasta la frontera de Los Angeles por mas de 10 a\u00f1os. Siendo el pionero que era, el Sr. L\u00f3pez compr\u00f3 la compa\u00f1\u00eda con la esperanza de expandir y brindar un mejor servicio a sus clientes. A medida que crec\u00eda la demanda del servicio, vio la necesidad de comprar 3 unidades adicionales, pero sab\u00eda que necesitaba mas conductores, despachadores y un equipo de mantenimiento. \u00a1Su familia estaba listo parra subir a bordo de esta misi\u00f3n! La familia L\u00f3pez ha continuado promoviendo su visi\u00f3n de un mejor servicio - agregando m\u00e1s destinos, autobuses de modelos m\u00e1s nuevos, \u00e1reas de espera innovadoras y m\u00e1s comodidades a bordo del autob\u00fas.<\/p><h4>&nbsp;<\/h4><h4><span style=\"color: #3d6098;\">Escuchando la demanda<br><\/span><\/h4><p>A medida que crec\u00eda un flujo constante de pasajeros desde Huntington Park a San Ysidro, hab\u00eda otra demanda de servicios de pasajeros que iban hacia el norte hacia Bakersfield, Fresno y Stockton. Estas \u00e1reas eran familiares para el Sr. L\u00f3pez debido a sus primeros d\u00edas en que dejaba su cuidad natal de Villachuato Michoac\u00e1n, M\u00e9xico, para venir a los Estados Unidos a trabajar como \"brasero\". Al trabajar en estas diferentes ciudades, pudo descubrir la necesidad de transporte para sus \"Paisanos\" locales. Pronto, los clientes comenzaron a solicitar viajes tan al norte como el estado de Washington, y Fronteras sigue respondiendo con esos servicios.<\/p><h4>&nbsp;<\/h4><h4><span style=\"color: #3d6098;\">Nuestra Misi\u00f3n <\/span><\/h4><p class=\"p1\"><span class=\"s1\">Aqu\u00ed en Fronteras nos enorgullecemos de satisfacer las necesidades de nuestros clientes, ya sea transportarlos para ver su familia o a un trabajo que no hubiera sido posible sin los medios de transporte. Es por eso que lo que comenz\u00f3 como un viaje de una vez a la semana hacia el norte o hacia el sur ha crecido hasta brindar transporte en autob\u00fas m\u00e1s de 10 veces al d\u00eda.<\/span><\/p><p class=\"p3\"><em><span class=\"s1\">La misi\u00f3n de Fronteras del Norte es brindar el mejor servicio de transporte que sea&nbsp;<\/span><span class=\"s1\">Econ\u00f3mico, Seguro, Eficiente y atento a las necesidades del cliente.<\/span><\/em><\/p><p class=\"p1\"><span class=\"s1\">Gracias por seguir viajando con Fronteras del Norte y \u00a1Gracias por confiar en el sue\u00f1o de nuestro Sr. Lopez en <strong>\"Transportando gente importante como usted\"!<\/strong><\/span><\/p><p>&nbsp;<\/p><p class=\"p1\"><span class=\"s1\">Sinceramente,<br><\/span><span class=\"s1\">La familia L\u00f3pez.<\/span><\/p><p>\n\t\t\t<\/div> \n\t\t<\/div>\n\t<\/div> \n<\/div><\/div>\n\t\t<div id=\"fws_69ee473dd6c3a\"  data-midnight=\"dark\" data-bottom-percent=\"10%\"  data-bg-mobile-hidden=\"\" class=\"wpb_row vc_row-fluid vc_row full-width-section standard_section   \"  style=\"padding-top: 0px; padding-bottom: calc(100vw * 0.10); \"><div class=\"row-bg-wrap\" data-bg-animation=\"none\"><div class=\"inner-wrap \"><div class=\"row-bg    \"  style=\"\"><\/div><\/div><div class=\"row-bg-overlay\" ><\/div><\/div><div class=\"col span_12 dark left\"><\/div><\/div>\n\t<div  class=\"vc_col-sm-12 wpb_column column_container vc_column_container col no-extra-padding\"  data-t-w-inherits=\"default\" data-border-radius=\"none\" data-shadow=\"none\" data-border-animation=\"\" data-border-animation-delay=\"\" data-border-width=\"none\" data-border-style=\"solid\" data-border-color=\"\" data-bg-cover=\"\" data-padding-pos=\"all\" data-has-bg-color=\"false\" data-bg-color=\"\" data-bg-opacity=\"1\" data-hover-bg=\"\" data-hover-bg-opacity=\"1\" data-animation=\"\" data-delay=\"0\"><div class=\"column-bg-overlay\"><\/div>\n\t\t<div class=\"vc_column-inner\">\n\t\t\t<div class=\"wpb_wrapper\">\n\t\t\t\t\n\t\t\t<\/div> \n\t\t<\/div>\n\t<\/div> \n<\/p><h1 style=\"text-align: center;\">Servicios de Autob\u00fas<\/h1><p>[\/vc_column_text]<div class=\"nectar_image_with_hotspots \" data-stlye=\"color_pulse\" data-hotspot-icon=\"plus_sign\" data-size=\"medium\" data-color=\"extra-color-1\" data-tooltip-func=\"hover\" data-tooltip_shadow=\"none\" data-animation=\"\"><img width=\"1000\" height=\"479\" src=\"https:\/\/espanol.travelfronteras.com\/wp-content\/uploads\/sites\/2\/2019\/02\/amenities.jpg\" class=\"attachment-full size-full\" alt=\"\" srcset=\"https:\/\/espanol.travelfronteras.com\/wp-content\/uploads\/sites\/2\/2019\/02\/amenities.jpg 1000w, https:\/\/espanol.travelfronteras.com\/wp-content\/uploads\/sites\/2\/2019\/02\/amenities-300x144.jpg 300w, https:\/\/espanol.travelfronteras.com\/wp-content\/uploads\/sites\/2\/2019\/02\/amenities-768x368.jpg 768w\" sizes=\"(max-width: 1000px) 100vw, 1000px\" \/><div class=\"nectar_hotspot_wrap\" style=\"top: 36.6516%; left: 89.7268%;\"><div class=\"nectar_hotspot \"><span><\/span><\/div><div class=\"nttip \" data-tooltip-position=\"top\"><div class=\"inner\">GPS de Seguimiento de Ruta<\/div><\/div><\/div><div class=\"nectar_hotspot_wrap\" style=\"top: 53.2311%; left: 52.8471%;\"><div class=\"nectar_hotspot \"><span><\/span><\/div><div class=\"nttip \" data-tooltip-position=\"top\"><div class=\"inner\">2 maletas de equipaje (50lbs) + 1 equipaje de mano<\/div><\/div><\/div><div class=\"nectar_hotspot_wrap\" style=\"top: 54.4188%; left: 67.4688%;\"><div class=\"nectar_hotspot \"><span><\/span><\/div><div class=\"nttip \" data-tooltip-position=\"top\"><div class=\"inner\">Conductores calificados<\/div><\/div><\/div><div class=\"nectar_hotspot_wrap\" style=\"top: 33.6468%; left: 6.5686%;\"><div class=\"nectar_hotspot \"><span><\/span><\/div><div class=\"nttip \" data-tooltip-position=\"top\"><div class=\"inner\">Monitores de TV<\/div><\/div><\/div><div class=\"nectar_hotspot_wrap\" style=\"top: 66.3744%; left: 27.5251%;\"><div class=\"nectar_hotspot \"><span><\/span><\/div><div class=\"nttip \" data-tooltip-position=\"top\"><div class=\"inner\">Reclinaci\u00f3n de Asientos<\/div><\/div><\/div><div class=\"nectar_hotspot_wrap\" style=\"top: 82.2115%; left: 12.1339%;\"><div class=\"nectar_hotspot \"><span><\/span><\/div><div class=\"nttip \" data-tooltip-position=\"top\"><div class=\"inner\">Toma corrientes de 110 V (unidades m\u00e1s nuevas)<\/div><\/div><\/div><div class=\"nectar_hotspot_wrap\" style=\"top: 36.5738%; left: 16.0317%;\"><div class=\"nectar_hotspot \"><span><\/span><\/div><div class=\"nttip \" data-tooltip-position=\"top\"><div class=\"inner\">Ba\u00f1os<\/div><\/div><\/div><\/div><\/p><\/div><\/div><\/div><\/div><\/div><\/div><\/div><\/div>\n","protected":false},"excerpt":{"rendered":"<p>Servicios de Autob\u00fas[\/vc_column_text]<\/p>\n","protected":false},"author":2,"featured_media":0,"parent":0,"menu_order":0,"comment_status":"closed","ping_status":"closed","template":"","meta":{"_monsterinsights_skip_tracking":false,"_monsterinsights_sitenote_active":false,"_monsterinsights_sitenote_note":"","_monsterinsights_sitenote_category":0,"footnotes":""},"class_list":["post-7","page","type-page","status-publish"],"_links":{"self":[{"href":"https:\/\/espanol.travelfronteras.com\/es\/wp-json\/wp\/v2\/pages\/7","targetHints":{"allow":["GET"]}}],"collection":[{"href":"https:\/\/espanol.travelfronteras.com\/es\/wp-json\/wp\/v2\/pages"}],"about":[{"href":"https:\/\/espanol.travelfronteras.com\/es\/wp-json\/wp\/v2\/types\/page"}],"author":[{"embeddable":true,"href":"https:\/\/espanol.travelfronteras.com\/es\/wp-json\/wp\/v2\/users\/2"}],"replies":[{"embeddable":true,"href":"https:\/\/espanol.travelfronteras.com\/es\/wp-json\/wp\/v2\/comments?post=7"}],"version-history":[{"count":0,"href":"https:\/\/espanol.travelfronteras.com\/es\/wp-json\/wp\/v2\/pages\/7\/revisions"}],"wp:attachment":[{"href":"https:\/\/espanol.travelfronteras.com\/es\/wp-json\/wp\/v2\/media?parent=7"}],"curies":[{"name":"wp","href":"https:\/\/api.w.org\/{rel}","templated":true}]}}